{"id":14,"date":"2021-05-12T04:59:15","date_gmt":"2021-05-12T04:59:15","guid":{"rendered":"http:\/\/3.14.221.68\/contact\/"},"modified":"2023-01-28T11:53:45","modified_gmt":"2023-01-28T11:53:45","slug":"contact","status":"publish","type":"page","link":"https:\/\/maisonaromate.com\/?page_id=14","title":{"rendered":"Contact"},"content":{"rendered":"\n<div class=\"wp-block-uagb-container uagb-block-4ba82777 alignfull uagb-is-root-container\"><div class=\"uagb-container-inner-blocks-wrap\">\n<div class=\"wp-block-uagb-advanced-heading uagb-block-66f7573c\"><h1 class=\"uagb-heading-text\">Nous Contacter<\/h1><\/div>\n<\/div><\/div>\n\n\n\n<div style=\"height:55px\" aria-hidden=\"true\" class=\"wp-block-spacer\"><\/div>\n\n\n\n<h2 class=\"has-text-align-center has-ast-global-color-3-color has-text-color wp-block-heading\">Pour nous <mark style=\"background-color:rgba(0, 0, 0, 0)\" class=\"has-inline-color has-ast-global-color-1-color\">contacter<\/mark>, c&rsquo;est simple!<\/h2>\n\n\n\n<hr class=\"wp-block-separator has-text-color has-ast-global-color-1-color has-alpha-channel-opacity has-ast-global-color-1-background-color has-background is-style-default\"\/>\n\n\n\n<div style=\"height:59px\" aria-hidden=\"true\" class=\"wp-block-spacer\"><\/div>\n\n\n\n<div class=\"wp-block-columns is-layout-flex wp-container-core-columns-is-layout-1 wp-block-columns-is-layout-flex\">\n<div class=\"wp-block-column is-vertically-aligned-center animated fadeInLeft delay-100ms slower has-border-color has-ast-global-color-1-border-color is-layout-flow wp-block-column-is-layout-flow\" style=\"padding-top:var(--wp--preset--spacing--40);padding-right:var(--wp--preset--spacing--40);padding-bottom:var(--wp--preset--spacing--40);padding-left:var(--wp--preset--spacing--40)\">\n<div class=\"wp-block-uagb-team uagb-team__image-position-above uagb-team__align-center uagb-team__stack-tablet uagb-block-3381e304\"><div class=\"uagb-team__content\"><h3 class=\"uagb-team__title\">Genevi\u00e8ve B\u00e9riault<\/h3><span class=\"uagb-team__prefix\">Vente, gestion g\u00e9n\u00e9rale &amp; administration<\/span><p class=\"uagb-team__desc\"><a href=\"Tel: 819-216-1614\" data-type=\"URL\" data-id=\"Tel: 819-216-1614\"><mark style=\"background-color:rgba(0, 0, 0, 0)\" class=\"has-inline-color has-ast-global-color-3-color\">819-216-1614<\/mark><\/a><br><a href=\"mailto:info@maisonaromate.com\"><mark style=\"background-color:rgba(0, 0, 0, 0)\" class=\"has-inline-color has-ast-global-color-3-color\">info@maisonaromate.com<\/mark><\/a><\/p><ul class=\"uagb-team__social-list\"><\/ul><\/div><\/div>\n<\/div>\n\n\n\n<div class=\"wp-block-column is-vertically-aligned-top animated fadeInRight delay-100ms slower has-border-color has-ast-global-color-1-border-color is-layout-flow wp-block-column-is-layout-flow\" style=\"padding-top:var(--wp--preset--spacing--40);padding-right:var(--wp--preset--spacing--40);padding-bottom:var(--wp--preset--spacing--40);padding-left:var(--wp--preset--spacing--40)\">\n<div class=\"wp-block-uagb-team uagb-team__image-position-above uagb-team__align-center uagb-team__stack-tablet uagb-block-e0a59c5f\"><div class=\"uagb-team__content\"><h3 class=\"uagb-team__title\">Jean-Philippe Nadeau<\/h3><span class=\"uagb-team__prefix\">Production, transformation, recherche &amp; d\u00e9veloppement<\/span><p class=\"uagb-team__desc\"><a href=\"tel: 514-293-1995\" data-type=\"tel\" data-id=\"tel: 514-293-1995\"><mark style=\"background-color:rgba(0, 0, 0, 0)\" class=\"has-inline-color has-ast-global-color-3-color\">514-293-1995<\/mark><\/a><br><a href=\"mailto:info@maisonaromate.com\"><mark style=\"background-color:rgba(0, 0, 0, 0)\" class=\"has-inline-color has-ast-global-color-3-color\">info@maisonaromate.com<\/mark><\/a><\/p><ul class=\"uagb-team__social-list\"><\/ul><\/div><\/div>\n<\/div>\n<\/div>\n\n\n\n<div class=\"wp-block-columns is-layout-flex wp-container-core-columns-is-layout-2 wp-block-columns-is-layout-flex\">\n<div class=\"wp-block-column animated fadeInRight delay-100ms slower is-layout-flow wp-block-column-is-layout-flow\">\n<div style=\"height:14px\" aria-hidden=\"true\" class=\"wp-block-spacer\"><\/div>\n<\/div>\n<\/div>\n\n\n\n<div style=\"height:55px\" aria-hidden=\"true\" class=\"wp-block-spacer\"><\/div>\n","protected":false},"excerpt":{"rendered":"<p>Nous Contacter Pour nous contacter, c&rsquo;est simple!<\/p>\n","protected":false},"author":1,"featured_media":0,"parent":0,"menu_order":0,"comment_status":"closed","ping_status":"closed","template":"","meta":{"_uag_custom_page_level_css":"","site-sidebar-layout":"no-sidebar","site-content-layout":"plain-container","ast-site-content-layout":"default","site-content-style":"default","site-sidebar-style":"default","ast-global-header-display":"","ast-banner-title-visibility":"","ast-main-header-display":"","ast-hfb-above-header-display":"","ast-hfb-below-header-display":"","ast-hfb-mobile-header-display":"","site-post-title":"disabled","ast-breadcrumbs-content":"","ast-featured-img":"","footer-sml-layout":"","ast-disable-related-posts":"","theme-transparent-header-meta":"enabled","adv-header-id-meta":"","stick-header-meta":"","header-above-stick-meta":"","header-main-stick-meta":"","header-below-stick-meta":"","astra-migrate-meta-layouts":"default","ast-page-background-enabled":"default","ast-page-background-meta":{"desktop":{"background-color":"var(--ast-global-color-4)","background-image":"","background-repeat":"repeat","background-position":"center center","background-size":"auto","background-attachment":"scroll","background-type":"","background-media":"","overlay-type":"","overlay-color":"","overlay-opacity":"","overlay-gradient":""},"tablet":{"background-color":"","background-image":"","background-repeat":"repeat","background-position":"center center","background-size":"auto","background-attachment":"scroll","background-type":"","background-media":"","overlay-type":"","overlay-color":"","overlay-opacity":"","overlay-gradient":""},"mobile":{"background-color":"","background-image":"","background-repeat":"repeat","background-position":"center center","background-size":"auto","background-attachment":"scroll","background-type":"","background-media":"","overlay-type":"","overlay-color":"","overlay-opacity":"","overlay-gradient":""}},"ast-content-background-meta":{"desktop":{"background-color":"var(--ast-global-color-5)","background-image":"","background-repeat":"repeat","background-position":"center center","background-size":"auto","background-attachment":"scroll","background-type":"","background-media":"","overlay-type":"","overlay-color":"","overlay-opacity":"","overlay-gradient":""},"tablet":{"background-color":"var(--ast-global-color-5)","background-image":"","background-repeat":"repeat","background-position":"center center","background-size":"auto","background-attachment":"scroll","background-type":"","background-media":"","overlay-type":"","overlay-color":"","overlay-opacity":"","overlay-gradient":""},"mobile":{"background-color":"var(--ast-global-color-5)","background-image":"","background-repeat":"repeat","background-position":"center center","background-size":"auto","background-attachment":"scroll","background-type":"","background-media":"","overlay-type":"","overlay-color":"","overlay-opacity":"","overlay-gradient":""}},"footnotes":""},"class_list":["post-14","page","type-page","status-publish","hentry"],"yoast_head":"<!-- This site is optimized with the Yoast SEO plugin v26.8 - https:\/\/yoast.com\/product\/yoast-seo-wordpress\/ -->\n<title>Contact - Maison Aromate<\/title>\n<meta name=\"robots\" content=\"index, follow, max-snippet:-1, max-image-preview:large, max-video-preview:-1\" \/>\n<link rel=\"canonical\" href=\"https:\/\/maisonaromate.com\/?page_id=14\" \/>\n<meta property=\"og:locale\" content=\"fr_CA\" \/>\n<meta property=\"og:type\" content=\"article\" \/>\n<meta property=\"og:title\" content=\"Contact - Maison Aromate\" \/>\n<meta property=\"og:description\" content=\"Nous Contacter Pour nous contacter, c&rsquo;est simple!\" \/>\n<meta property=\"og:url\" content=\"https:\/\/maisonaromate.com\/?page_id=14\" \/>\n<meta property=\"og:site_name\" content=\"Maison Aromate\" \/>\n<meta property=\"article:modified_time\" content=\"2023-01-28T11:53:45+00:00\" \/>\n<meta property=\"og:image\" content=\"https:\/\/maisonaromate.com\/wp-content\/uploads\/2023\/01\/sebastien-marchand-oVIUvwm2dvM-unsplash-scaled.jpg\" \/>\n\t<meta property=\"og:image:width\" content=\"2560\" \/>\n\t<meta property=\"og:image:height\" content=\"1440\" \/>\n\t<meta property=\"og:image:type\" content=\"image\/jpeg\" \/>\n<meta name=\"twitter:card\" content=\"summary_large_image\" \/>\n<meta name=\"twitter:label1\" content=\"Estimation du temps de lecture\" \/>\n\t<meta name=\"twitter:data1\" content=\"1 minute\" \/>\n<script type=\"application\/ld+json\" class=\"yoast-schema-graph\">{\"@context\":\"https:\/\/schema.org\",\"@graph\":[{\"@type\":\"WebPage\",\"@id\":\"https:\/\/maisonaromate.com\/?page_id=14\",\"url\":\"https:\/\/maisonaromate.com\/?page_id=14\",\"name\":\"Contact - Maison Aromate\",\"isPartOf\":{\"@id\":\"https:\/\/maisonaromate.com\/#website\"},\"datePublished\":\"2021-05-12T04:59:15+00:00\",\"dateModified\":\"2023-01-28T11:53:45+00:00\",\"breadcrumb\":{\"@id\":\"https:\/\/maisonaromate.com\/?page_id=14#breadcrumb\"},\"inLanguage\":\"fr-CA\",\"potentialAction\":[{\"@type\":\"ReadAction\",\"target\":[\"https:\/\/maisonaromate.com\/?page_id=14\"]}]},{\"@type\":\"BreadcrumbList\",\"@id\":\"https:\/\/maisonaromate.com\/?page_id=14#breadcrumb\",\"itemListElement\":[{\"@type\":\"ListItem\",\"position\":1,\"name\":\"Accueil\",\"item\":\"https:\/\/maisonaromate.com\/\"},{\"@type\":\"ListItem\",\"position\":2,\"name\":\"Contact\"}]},{\"@type\":\"WebSite\",\"@id\":\"https:\/\/maisonaromate.com\/#website\",\"url\":\"https:\/\/maisonaromate.com\/\",\"name\":\"Maison Aromate\",\"description\":\"D\u00e9couvrez l&#039;exp\u00e9rience premium de l&#039;ail qu\u00e9b\u00e9cois\",\"publisher\":{\"@id\":\"https:\/\/maisonaromate.com\/#organization\"},\"potentialAction\":[{\"@type\":\"SearchAction\",\"target\":{\"@type\":\"EntryPoint\",\"urlTemplate\":\"https:\/\/maisonaromate.com\/?s={search_term_string}\"},\"query-input\":{\"@type\":\"PropertyValueSpecification\",\"valueRequired\":true,\"valueName\":\"search_term_string\"}}],\"inLanguage\":\"fr-CA\"},{\"@type\":\"Organization\",\"@id\":\"https:\/\/maisonaromate.com\/#organization\",\"name\":\"Maison Aromate\",\"url\":\"https:\/\/maisonaromate.com\/\",\"logo\":{\"@type\":\"ImageObject\",\"inLanguage\":\"fr-CA\",\"@id\":\"https:\/\/maisonaromate.com\/#\/schema\/logo\/image\/\",\"url\":\"https:\/\/maisonaromate.com\/wp-content\/uploads\/2023\/01\/cropped-Logo-complet-blanc-sur-noir-pour-travailler-e1674895356313.png\",\"contentUrl\":\"https:\/\/maisonaromate.com\/wp-content\/uploads\/2023\/01\/cropped-Logo-complet-blanc-sur-noir-pour-travailler-e1674895356313.png\",\"width\":982,\"height\":987,\"caption\":\"Maison Aromate\"},\"image\":{\"@id\":\"https:\/\/maisonaromate.com\/#\/schema\/logo\/image\/\"}}]}<\/script>\n<!-- \/ Yoast SEO plugin. -->","yoast_head_json":{"title":"Contact - Maison Aromate","robots":{"index":"index","follow":"follow","max-snippet":"max-snippet:-1","max-image-preview":"max-image-preview:large","max-video-preview":"max-video-preview:-1"},"canonical":"https:\/\/maisonaromate.com\/?page_id=14","og_locale":"fr_CA","og_type":"article","og_title":"Contact - Maison Aromate","og_description":"Nous Contacter Pour nous contacter, c&rsquo;est simple!","og_url":"https:\/\/maisonaromate.com\/?page_id=14","og_site_name":"Maison Aromate","article_modified_time":"2023-01-28T11:53:45+00:00","og_image":[{"width":2560,"height":1440,"url":"https:\/\/maisonaromate.com\/wp-content\/uploads\/2023\/01\/sebastien-marchand-oVIUvwm2dvM-unsplash-scaled.jpg","type":"image\/jpeg"}],"twitter_card":"summary_large_image","twitter_misc":{"Estimation du temps de lecture":"1 minute"},"schema":{"@context":"https:\/\/schema.org","@graph":[{"@type":"WebPage","@id":"https:\/\/maisonaromate.com\/?page_id=14","url":"https:\/\/maisonaromate.com\/?page_id=14","name":"Contact - Maison Aromate","isPartOf":{"@id":"https:\/\/maisonaromate.com\/#website"},"datePublished":"2021-05-12T04:59:15+00:00","dateModified":"2023-01-28T11:53:45+00:00","breadcrumb":{"@id":"https:\/\/maisonaromate.com\/?page_id=14#breadcrumb"},"inLanguage":"fr-CA","potentialAction":[{"@type":"ReadAction","target":["https:\/\/maisonaromate.com\/?page_id=14"]}]},{"@type":"BreadcrumbList","@id":"https:\/\/maisonaromate.com\/?page_id=14#breadcrumb","itemListElement":[{"@type":"ListItem","position":1,"name":"Accueil","item":"https:\/\/maisonaromate.com\/"},{"@type":"ListItem","position":2,"name":"Contact"}]},{"@type":"WebSite","@id":"https:\/\/maisonaromate.com\/#website","url":"https:\/\/maisonaromate.com\/","name":"Maison Aromate","description":"D\u00e9couvrez l&#039;exp\u00e9rience premium de l&#039;ail qu\u00e9b\u00e9cois","publisher":{"@id":"https:\/\/maisonaromate.com\/#organization"},"potentialAction":[{"@type":"SearchAction","target":{"@type":"EntryPoint","urlTemplate":"https:\/\/maisonaromate.com\/?s={search_term_string}"},"query-input":{"@type":"PropertyValueSpecification","valueRequired":true,"valueName":"search_term_string"}}],"inLanguage":"fr-CA"},{"@type":"Organization","@id":"https:\/\/maisonaromate.com\/#organization","name":"Maison Aromate","url":"https:\/\/maisonaromate.com\/","logo":{"@type":"ImageObject","inLanguage":"fr-CA","@id":"https:\/\/maisonaromate.com\/#\/schema\/logo\/image\/","url":"https:\/\/maisonaromate.com\/wp-content\/uploads\/2023\/01\/cropped-Logo-complet-blanc-sur-noir-pour-travailler-e1674895356313.png","contentUrl":"https:\/\/maisonaromate.com\/wp-content\/uploads\/2023\/01\/cropped-Logo-complet-blanc-sur-noir-pour-travailler-e1674895356313.png","width":982,"height":987,"caption":"Maison Aromate"},"image":{"@id":"https:\/\/maisonaromate.com\/#\/schema\/logo\/image\/"}}]}},"uagb_featured_image_src":{"full":false,"thumbnail":false,"medium":false,"medium_large":false,"large":false,"1536x1536":false,"2048x2048":false},"uagb_author_info":{"display_name":"user","author_link":"https:\/\/maisonaromate.com\/?author=1"},"uagb_comment_info":0,"uagb_excerpt":"Nous Contacter Pour nous contacter, c&rsquo;est simple!","_links":{"self":[{"href":"https:\/\/maisonaromate.com\/index.php?rest_route=\/wp\/v2\/pages\/14","targetHints":{"allow":["GET"]}}],"collection":[{"href":"https:\/\/maisonaromate.com\/index.php?rest_route=\/wp\/v2\/pages"}],"about":[{"href":"https:\/\/maisonaromate.com\/index.php?rest_route=\/wp\/v2\/types\/page"}],"author":[{"embeddable":true,"href":"https:\/\/maisonaromate.com\/index.php?rest_route=\/wp\/v2\/users\/1"}],"replies":[{"embeddable":true,"href":"https:\/\/maisonaromate.com\/index.php?rest_route=%2Fwp%2Fv2%2Fcomments&post=14"}],"version-history":[{"count":57,"href":"https:\/\/maisonaromate.com\/index.php?rest_route=\/wp\/v2\/pages\/14\/revisions"}],"predecessor-version":[{"id":1098,"href":"https:\/\/maisonaromate.com\/index.php?rest_route=\/wp\/v2\/pages\/14\/revisions\/1098"}],"wp:attachment":[{"href":"https:\/\/maisonaromate.com\/index.php?rest_route=%2Fwp%2Fv2%2Fmedia&parent=14"}],"curies":[{"name":"wp","href":"https:\/\/api.w.org\/{rel}","templated":true}]}}