{"id":12,"date":"2021-05-12T04:59:15","date_gmt":"2021-05-12T04:59:15","guid":{"rendered":"http:\/\/3.14.221.68\/about\/"},"modified":"2023-02-13T09:21:22","modified_gmt":"2023-02-13T09:21:22","slug":"about","status":"publish","type":"page","link":"https:\/\/maisonaromate.com\/?page_id=12","title":{"rendered":"\u00c0 Propos"},"content":{"rendered":"\n<div class=\"wp-block-uagb-container uagb-block-ff4a251d alignfull uagb-is-root-container\"><div class=\"uagb-container-inner-blocks-wrap\">\n<div class=\"wp-block-uagb-advanced-heading uagb-block-be0ae13e\"><h1 class=\"uagb-heading-text\">\u00c0 Propos de Nous<\/h1><\/div>\n<\/div><\/div>\n\n\n\n<div style=\"height:55px\" aria-hidden=\"true\" class=\"wp-block-spacer\"><\/div>\n\n\n\n<div class=\"wp-block-media-text alignwide has-media-on-the-right is-stacked-on-mobile is-vertically-aligned-center animated fadeInLeft delay-100ms slower has-black-background-color has-background\"><div class=\"wp-block-media-text__content\">\n<div class=\"inherit-container-width wp-block-group is-layout-constrained wp-container-core-group-is-layout-1 wp-block-group-is-layout-constrained\" style=\"padding-top:2em;padding-right:2em;padding-bottom:2em;padding-left:2em\"><div class=\"wp-block-group__inner-container\">\n<p class=\"has-text-align-center\" style=\"font-size:21px\">Deux passionn\u00e9s la t\u00eate pleine de projets qui se sont rencontr\u00e9s pour, ensemble, mettre tout leur coeur et leur p\u00e9tillement \u00e0 donner vie \u00e0 cette grande aventure qu&rsquo;est devenu Maison Aromate.<\/p>\n\n\n\n<p class=\"has-text-align-center\" style=\"font-size:21px\">Notre vision de l&rsquo;entreprise est d&rsquo;en faire un moteur \u00e9conomique local, en offrant des produits raffin\u00e9s de qualit\u00e9.\u00a0 Avec en premi\u00e8re ligne l&rsquo;humain.\u00a0 Le contact.\u00a0 Le partage.\u00a0 Nous privil\u00e9gions un service personnalis\u00e9 avec acheminement de nos produits dans un court d\u00e9lai, \u00e9changer avec vous, r\u00e9pondre \u00e0 vos questions, en conna\u00eetre plus sur vos projets et vos besoins.\u00a0 Nous serons toujours heureux de recevoir vos commentaires, les bons comme les constructifs !<\/p>\n\n\n\n<p class=\"has-text-align-center\" style=\"font-size:21px\">Au plaisir de vous croiser prochainement,<\/p>\n\n\n\n<p class=\"has-text-align-center\" style=\"font-size:21px\">Genevi\u00e8ve et Jean-Philippe<\/p>\n<\/div><\/div>\n<\/div><figure class=\"wp-block-media-text__media\"><img loading=\"lazy\" decoding=\"async\" width=\"1024\" height=\"1024\" src=\"https:\/\/maisonaromate.com\/wp-content\/uploads\/2023\/02\/newpic-1024x1024.jpg\" alt=\"\" class=\"wp-image-1182 size-full\" srcset=\"https:\/\/maisonaromate.com\/wp-content\/uploads\/2023\/02\/newpic-1024x1024.jpg 1024w, https:\/\/maisonaromate.com\/wp-content\/uploads\/2023\/02\/newpic-300x300.jpg 300w, https:\/\/maisonaromate.com\/wp-content\/uploads\/2023\/02\/newpic-150x150.jpg 150w, https:\/\/maisonaromate.com\/wp-content\/uploads\/2023\/02\/newpic-768x768.jpg 768w, https:\/\/maisonaromate.com\/wp-content\/uploads\/2023\/02\/newpic-1536x1536.jpg 1536w, https:\/\/maisonaromate.com\/wp-content\/uploads\/2023\/02\/newpic-2048x2048.jpg 2048w, https:\/\/maisonaromate.com\/wp-content\/uploads\/2023\/02\/newpic-600x600.jpg 600w, https:\/\/maisonaromate.com\/wp-content\/uploads\/2023\/02\/newpic-100x100.jpg 100w\" sizes=\"auto, (max-width: 1024px) 100vw, 1024px\" \/><\/figure><\/div>\n\n\n\n<div style=\"height:50px\" aria-hidden=\"true\" class=\"wp-block-spacer\"><\/div>\n\n\n\n<div class=\"wp-block-media-text alignwide is-stacked-on-mobile is-vertically-aligned-center animated fadeInRight delay-100ms slower has-ast-global-color-4-background-color has-background\"><figure class=\"wp-block-media-text__media\"><img loading=\"lazy\" decoding=\"async\" width=\"1024\" height=\"1024\" src=\"https:\/\/maisonaromate.com\/wp-content\/uploads\/2023\/01\/jp-pic-1024x1024.jpg\" alt=\"\" class=\"wp-image-1094 size-full\" srcset=\"https:\/\/maisonaromate.com\/wp-content\/uploads\/2023\/01\/jp-pic-1024x1024.jpg 1024w, https:\/\/maisonaromate.com\/wp-content\/uploads\/2023\/01\/jp-pic-300x300.jpg 300w, https:\/\/maisonaromate.com\/wp-content\/uploads\/2023\/01\/jp-pic-150x150.jpg 150w, https:\/\/maisonaromate.com\/wp-content\/uploads\/2023\/01\/jp-pic-768x768.jpg 768w, https:\/\/maisonaromate.com\/wp-content\/uploads\/2023\/01\/jp-pic-1536x1536.jpg 1536w, https:\/\/maisonaromate.com\/wp-content\/uploads\/2023\/01\/jp-pic.jpg 2048w, https:\/\/maisonaromate.com\/wp-content\/uploads\/2023\/01\/jp-pic-600x600.jpg 600w, https:\/\/maisonaromate.com\/wp-content\/uploads\/2023\/01\/jp-pic-100x100.jpg 100w\" sizes=\"auto, (max-width: 1024px) 100vw, 1024px\" \/><\/figure><div class=\"wp-block-media-text__content\">\n<div class=\"inherit-container-width wp-block-group is-layout-constrained wp-container-core-group-is-layout-2 wp-block-group-is-layout-constrained\" style=\"padding-top:2em;padding-right:2em;padding-bottom:2em;padding-left:2em\"><div class=\"wp-block-group__inner-container\">\n<p style=\"font-size:36px;line-height:1.2\">Nous n&rsquo;h\u00e9ritons pas de la terre de nos parents,<br>nous l&#8217;empruntons \u00e0 nos enfants.<\/p>\n\n\n\n<p style=\"font-size:21px\">\u2013 Antoine de Saint-\u00c9xup\u00e9ry<\/p>\n<\/div><\/div>\n<\/div><\/div>\n\n\n\n<div style=\"height:55px\" aria-hidden=\"true\" class=\"wp-block-spacer\"><\/div>\n","protected":false},"excerpt":{"rendered":"<p>\u00c0 Propos de Nous<\/p>\n","protected":false},"author":1,"featured_media":0,"parent":0,"menu_order":0,"comment_status":"closed","ping_status":"closed","template":"","meta":{"_uag_custom_page_level_css":"","site-sidebar-layout":"no-sidebar","site-content-layout":"plain-container","ast-site-content-layout":"default","site-content-style":"default","site-sidebar-style":"default","ast-global-header-display":"","ast-banner-title-visibility":"","ast-main-header-display":"","ast-hfb-above-header-display":"","ast-hfb-below-header-display":"","ast-hfb-mobile-header-display":"","site-post-title":"disabled","ast-breadcrumbs-content":"","ast-featured-img":"","footer-sml-layout":"","ast-disable-related-posts":"","theme-transparent-header-meta":"enabled","adv-header-id-meta":"","stick-header-meta":"","header-above-stick-meta":"","header-main-stick-meta":"","header-below-stick-meta":"","astra-migrate-meta-layouts":"default","ast-page-background-enabled":"default","ast-page-background-meta":{"desktop":{"background-color":"var(--ast-global-color-4)","background-image":"","background-repeat":"repeat","background-position":"center center","background-size":"auto","background-attachment":"scroll","background-type":"","background-media":"","overlay-type":"","overlay-color":"","overlay-opacity":"","overlay-gradient":""},"tablet":{"background-color":"","background-image":"","background-repeat":"repeat","background-position":"center center","background-size":"auto","background-attachment":"scroll","background-type":"","background-media":"","overlay-type":"","overlay-color":"","overlay-opacity":"","overlay-gradient":""},"mobile":{"background-color":"","background-image":"","background-repeat":"repeat","background-position":"center center","background-size":"auto","background-attachment":"scroll","background-type":"","background-media":"","overlay-type":"","overlay-color":"","overlay-opacity":"","overlay-gradient":""}},"ast-content-background-meta":{"desktop":{"background-color":"var(--ast-global-color-5)","background-image":"","background-repeat":"repeat","background-position":"center center","background-size":"auto","background-attachment":"scroll","background-type":"","background-media":"","overlay-type":"","overlay-color":"","overlay-opacity":"","overlay-gradient":""},"tablet":{"background-color":"var(--ast-global-color-5)","background-image":"","background-repeat":"repeat","background-position":"center center","background-size":"auto","background-attachment":"scroll","background-type":"","background-media":"","overlay-type":"","overlay-color":"","overlay-opacity":"","overlay-gradient":""},"mobile":{"background-color":"var(--ast-global-color-5)","background-image":"","background-repeat":"repeat","background-position":"center center","background-size":"auto","background-attachment":"scroll","background-type":"","background-media":"","overlay-type":"","overlay-color":"","overlay-opacity":"","overlay-gradient":""}},"footnotes":""},"class_list":["post-12","page","type-page","status-publish","hentry"],"yoast_head":"<!-- This site is optimized with the Yoast SEO plugin v26.8 - https:\/\/yoast.com\/product\/yoast-seo-wordpress\/ -->\n<title>\u00c0 Propos - Maison Aromate<\/title>\n<meta name=\"robots\" content=\"index, follow, max-snippet:-1, max-image-preview:large, max-video-preview:-1\" \/>\n<link rel=\"canonical\" href=\"https:\/\/maisonaromate.com\/?page_id=12\" \/>\n<meta property=\"og:locale\" content=\"fr_CA\" \/>\n<meta property=\"og:type\" content=\"article\" \/>\n<meta property=\"og:title\" content=\"\u00c0 Propos - Maison Aromate\" \/>\n<meta property=\"og:description\" content=\"\u00c0 Propos de Nous\" \/>\n<meta property=\"og:url\" content=\"https:\/\/maisonaromate.com\/?page_id=12\" \/>\n<meta property=\"og:site_name\" content=\"Maison Aromate\" \/>\n<meta property=\"article:modified_time\" content=\"2023-02-13T09:21:22+00:00\" \/>\n<meta property=\"og:image\" content=\"https:\/\/maisonaromate.com\/wp-content\/uploads\/2023\/02\/newpic-1024x1024.jpg\" \/>\n<meta name=\"twitter:card\" content=\"summary_large_image\" \/>\n<meta name=\"twitter:label1\" content=\"Estimation du temps de lecture\" \/>\n\t<meta name=\"twitter:data1\" content=\"2 minutes\" \/>\n<script type=\"application\/ld+json\" class=\"yoast-schema-graph\">{\"@context\":\"https:\/\/schema.org\",\"@graph\":[{\"@type\":\"WebPage\",\"@id\":\"https:\/\/maisonaromate.com\/?page_id=12\",\"url\":\"https:\/\/maisonaromate.com\/?page_id=12\",\"name\":\"\u00c0 Propos - Maison Aromate\",\"isPartOf\":{\"@id\":\"https:\/\/maisonaromate.com\/#website\"},\"primaryImageOfPage\":{\"@id\":\"https:\/\/maisonaromate.com\/?page_id=12#primaryimage\"},\"image\":{\"@id\":\"https:\/\/maisonaromate.com\/?page_id=12#primaryimage\"},\"thumbnailUrl\":\"https:\/\/maisonaromate.com\/wp-content\/uploads\/2023\/02\/newpic-1024x1024.jpg\",\"datePublished\":\"2021-05-12T04:59:15+00:00\",\"dateModified\":\"2023-02-13T09:21:22+00:00\",\"breadcrumb\":{\"@id\":\"https:\/\/maisonaromate.com\/?page_id=12#breadcrumb\"},\"inLanguage\":\"fr-CA\",\"potentialAction\":[{\"@type\":\"ReadAction\",\"target\":[\"https:\/\/maisonaromate.com\/?page_id=12\"]}]},{\"@type\":\"ImageObject\",\"inLanguage\":\"fr-CA\",\"@id\":\"https:\/\/maisonaromate.com\/?page_id=12#primaryimage\",\"url\":\"https:\/\/maisonaromate.com\/wp-content\/uploads\/2023\/02\/newpic-scaled.jpg\",\"contentUrl\":\"https:\/\/maisonaromate.com\/wp-content\/uploads\/2023\/02\/newpic-scaled.jpg\",\"width\":2560,\"height\":2560},{\"@type\":\"BreadcrumbList\",\"@id\":\"https:\/\/maisonaromate.com\/?page_id=12#breadcrumb\",\"itemListElement\":[{\"@type\":\"ListItem\",\"position\":1,\"name\":\"Accueil\",\"item\":\"https:\/\/maisonaromate.com\/\"},{\"@type\":\"ListItem\",\"position\":2,\"name\":\"\u00c0 Propos\"}]},{\"@type\":\"WebSite\",\"@id\":\"https:\/\/maisonaromate.com\/#website\",\"url\":\"https:\/\/maisonaromate.com\/\",\"name\":\"Maison Aromate\",\"description\":\"D\u00e9couvrez l&#039;exp\u00e9rience premium de l&#039;ail qu\u00e9b\u00e9cois\",\"publisher\":{\"@id\":\"https:\/\/maisonaromate.com\/#organization\"},\"potentialAction\":[{\"@type\":\"SearchAction\",\"target\":{\"@type\":\"EntryPoint\",\"urlTemplate\":\"https:\/\/maisonaromate.com\/?s={search_term_string}\"},\"query-input\":{\"@type\":\"PropertyValueSpecification\",\"valueRequired\":true,\"valueName\":\"search_term_string\"}}],\"inLanguage\":\"fr-CA\"},{\"@type\":\"Organization\",\"@id\":\"https:\/\/maisonaromate.com\/#organization\",\"name\":\"Maison Aromate\",\"url\":\"https:\/\/maisonaromate.com\/\",\"logo\":{\"@type\":\"ImageObject\",\"inLanguage\":\"fr-CA\",\"@id\":\"https:\/\/maisonaromate.com\/#\/schema\/logo\/image\/\",\"url\":\"https:\/\/maisonaromate.com\/wp-content\/uploads\/2023\/01\/cropped-Logo-complet-blanc-sur-noir-pour-travailler-e1674895356313.png\",\"contentUrl\":\"https:\/\/maisonaromate.com\/wp-content\/uploads\/2023\/01\/cropped-Logo-complet-blanc-sur-noir-pour-travailler-e1674895356313.png\",\"width\":982,\"height\":987,\"caption\":\"Maison Aromate\"},\"image\":{\"@id\":\"https:\/\/maisonaromate.com\/#\/schema\/logo\/image\/\"}}]}<\/script>\n<!-- \/ Yoast SEO plugin. -->","yoast_head_json":{"title":"\u00c0 Propos - Maison Aromate","robots":{"index":"index","follow":"follow","max-snippet":"max-snippet:-1","max-image-preview":"max-image-preview:large","max-video-preview":"max-video-preview:-1"},"canonical":"https:\/\/maisonaromate.com\/?page_id=12","og_locale":"fr_CA","og_type":"article","og_title":"\u00c0 Propos - Maison Aromate","og_description":"\u00c0 Propos de Nous","og_url":"https:\/\/maisonaromate.com\/?page_id=12","og_site_name":"Maison Aromate","article_modified_time":"2023-02-13T09:21:22+00:00","og_image":[{"url":"https:\/\/maisonaromate.com\/wp-content\/uploads\/2023\/02\/newpic-1024x1024.jpg","type":"","width":"","height":""}],"twitter_card":"summary_large_image","twitter_misc":{"Estimation du temps de lecture":"2 minutes"},"schema":{"@context":"https:\/\/schema.org","@graph":[{"@type":"WebPage","@id":"https:\/\/maisonaromate.com\/?page_id=12","url":"https:\/\/maisonaromate.com\/?page_id=12","name":"\u00c0 Propos - Maison Aromate","isPartOf":{"@id":"https:\/\/maisonaromate.com\/#website"},"primaryImageOfPage":{"@id":"https:\/\/maisonaromate.com\/?page_id=12#primaryimage"},"image":{"@id":"https:\/\/maisonaromate.com\/?page_id=12#primaryimage"},"thumbnailUrl":"https:\/\/maisonaromate.com\/wp-content\/uploads\/2023\/02\/newpic-1024x1024.jpg","datePublished":"2021-05-12T04:59:15+00:00","dateModified":"2023-02-13T09:21:22+00:00","breadcrumb":{"@id":"https:\/\/maisonaromate.com\/?page_id=12#breadcrumb"},"inLanguage":"fr-CA","potentialAction":[{"@type":"ReadAction","target":["https:\/\/maisonaromate.com\/?page_id=12"]}]},{"@type":"ImageObject","inLanguage":"fr-CA","@id":"https:\/\/maisonaromate.com\/?page_id=12#primaryimage","url":"https:\/\/maisonaromate.com\/wp-content\/uploads\/2023\/02\/newpic-scaled.jpg","contentUrl":"https:\/\/maisonaromate.com\/wp-content\/uploads\/2023\/02\/newpic-scaled.jpg","width":2560,"height":2560},{"@type":"BreadcrumbList","@id":"https:\/\/maisonaromate.com\/?page_id=12#breadcrumb","itemListElement":[{"@type":"ListItem","position":1,"name":"Accueil","item":"https:\/\/maisonaromate.com\/"},{"@type":"ListItem","position":2,"name":"\u00c0 Propos"}]},{"@type":"WebSite","@id":"https:\/\/maisonaromate.com\/#website","url":"https:\/\/maisonaromate.com\/","name":"Maison Aromate","description":"D\u00e9couvrez l&#039;exp\u00e9rience premium de l&#039;ail qu\u00e9b\u00e9cois","publisher":{"@id":"https:\/\/maisonaromate.com\/#organization"},"potentialAction":[{"@type":"SearchAction","target":{"@type":"EntryPoint","urlTemplate":"https:\/\/maisonaromate.com\/?s={search_term_string}"},"query-input":{"@type":"PropertyValueSpecification","valueRequired":true,"valueName":"search_term_string"}}],"inLanguage":"fr-CA"},{"@type":"Organization","@id":"https:\/\/maisonaromate.com\/#organization","name":"Maison Aromate","url":"https:\/\/maisonaromate.com\/","logo":{"@type":"ImageObject","inLanguage":"fr-CA","@id":"https:\/\/maisonaromate.com\/#\/schema\/logo\/image\/","url":"https:\/\/maisonaromate.com\/wp-content\/uploads\/2023\/01\/cropped-Logo-complet-blanc-sur-noir-pour-travailler-e1674895356313.png","contentUrl":"https:\/\/maisonaromate.com\/wp-content\/uploads\/2023\/01\/cropped-Logo-complet-blanc-sur-noir-pour-travailler-e1674895356313.png","width":982,"height":987,"caption":"Maison Aromate"},"image":{"@id":"https:\/\/maisonaromate.com\/#\/schema\/logo\/image\/"}}]}},"uagb_featured_image_src":{"full":false,"thumbnail":false,"medium":false,"medium_large":false,"large":false,"1536x1536":false,"2048x2048":false},"uagb_author_info":{"display_name":"user","author_link":"https:\/\/maisonaromate.com\/?author=1"},"uagb_comment_info":0,"uagb_excerpt":"\u00c0 Propos de Nous","_links":{"self":[{"href":"https:\/\/maisonaromate.com\/index.php?rest_route=\/wp\/v2\/pages\/12","targetHints":{"allow":["GET"]}}],"collection":[{"href":"https:\/\/maisonaromate.com\/index.php?rest_route=\/wp\/v2\/pages"}],"about":[{"href":"https:\/\/maisonaromate.com\/index.php?rest_route=\/wp\/v2\/types\/page"}],"author":[{"embeddable":true,"href":"https:\/\/maisonaromate.com\/index.php?rest_route=\/wp\/v2\/users\/1"}],"replies":[{"embeddable":true,"href":"https:\/\/maisonaromate.com\/index.php?rest_route=%2Fwp%2Fv2%2Fcomments&post=12"}],"version-history":[{"count":20,"href":"https:\/\/maisonaromate.com\/index.php?rest_route=\/wp\/v2\/pages\/12\/revisions"}],"predecessor-version":[{"id":1184,"href":"https:\/\/maisonaromate.com\/index.php?rest_route=\/wp\/v2\/pages\/12\/revisions\/1184"}],"wp:attachment":[{"href":"https:\/\/maisonaromate.com\/index.php?rest_route=%2Fwp%2Fv2%2Fmedia&parent=12"}],"curies":[{"name":"wp","href":"https:\/\/api.w.org\/{rel}","templated":true}]}}